{"id":1263,"date":"2024-01-30T10:51:48","date_gmt":"2024-01-30T09:51:48","guid":{"rendered":"https:\/\/www.praxis-ripper.de\/?page_id=1263"},"modified":"2025-02-05T16:38:37","modified_gmt":"2025-02-05T15:38:37","slug":"impressum","status":"publish","type":"page","link":"https:\/\/www.praxis-ripper.de\/?page_id=1263","title":{"rendered":"Impressum"},"content":{"rendered":"\t\t<div data-elementor-type=\"wp-page\" data-elementor-id=\"1263\" class=\"elementor elementor-1263\" data-elementor-post-type=\"page\">\n\t\t\t\t<div class=\"elementor-element elementor-element-b9e7251 e-flex e-con-boxed e-con e-parent\" data-id=\"b9e7251\" data-element_type=\"container\" data-e-type=\"container\" data-settings=\"{&quot;background_background&quot;:&quot;classic&quot;}\">\n\t\t\t\t\t<div class=\"e-con-inner\">\n\t\t\t\t\t<\/div>\n\t\t\t\t<\/div>\n\t\t<div class=\"elementor-element elementor-element-d9cf49c e-flex e-con-boxed e-con e-parent\" data-id=\"d9cf49c\" data-element_type=\"container\" data-e-type=\"container\" data-settings=\"{&quot;background_background&quot;:&quot;classic&quot;}\">\n\t\t\t\t\t<div class=\"e-con-inner\">\n\t\t<div class=\"elementor-element elementor-element-9a0e8e2 e-flex e-con-boxed e-con e-child\" data-id=\"9a0e8e2\" data-element_type=\"container\" data-e-type=\"container\">\n\t\t\t\t\t<div class=\"e-con-inner\">\n\t\t<div class=\"elementor-element elementor-element-b48211b e-con-full e-flex e-con e-child\" data-id=\"b48211b\" data-element_type=\"container\" data-e-type=\"container\" data-settings=\"{&quot;background_background&quot;:&quot;classic&quot;}\">\n\t\t\t\t<div class=\"elementor-element elementor-element-80e4368 elementor-widget elementor-widget-heading\" data-id=\"80e4368\" data-element_type=\"widget\" data-e-type=\"widget\" data-widget_type=\"heading.default\">\n\t\t\t\t<div class=\"elementor-widget-container\">\n\t\t\t\t\t<h2 class=\"elementor-heading-title elementor-size-default\">Impressum<\/h2>\t\t\t\t<\/div>\n\t\t\t\t<\/div>\n\t\t\t\t<\/div>\n\t\t<div class=\"elementor-element elementor-element-734b62c e-con-full e-flex e-con e-child\" data-id=\"734b62c\" data-element_type=\"container\" data-e-type=\"container\" data-settings=\"{&quot;background_background&quot;:&quot;classic&quot;}\">\n\t\t\t\t<div class=\"elementor-element elementor-element-644913c elementor-widget elementor-widget-text-editor\" data-id=\"644913c\" data-element_type=\"widget\" data-e-type=\"widget\" data-widget_type=\"text-editor.default\">\n\t\t\t\t<div class=\"elementor-widget-container\">\n\t\t\t\t\t\t\t\t\t<div class=\"content col span-12\"><header class=\"page-header\"><h1><strong style=\"font-size: 16px;\">Prof. Dr. Kathrin Ripper<\/strong><\/h1><\/header><div class=\"text\"><p>Psychologische Psychotherapeutin<br \/>Systemische Therapeutin und Beraterin (SG)<\/p><p>Lange Gasse 62<br \/>72070 T\u00fcbingen<\/p><p>Telefon +49 (0) 7071 \u2013 6393440\u00a0<\/p><p><a class=\"pep-email\" href=\"mailto:mail@praxis-ripper.de\">mail@praxis-ripper.de<\/a><\/p><p>Zust\u00e4ndige Kammer:<br \/>Landespsychotherapeutenkammer Baden-W\u00fcrttemberg<\/p><p>Haftungsausschluss:<br \/>Der Inhalt dieser Seiten wurde sorgf\u00e4ltig bearbeitet und gepr\u00fcft. Bei Verweisen auf fremde Internetseiten (&#8222;Links&#8220;) wird keine Verantwortung \u00fcbernommen und Haftungsanspr\u00fcche gegen\u00fcber der Praxis f\u00fcr Psychotherapie und Coaching werden ausgeschlossen.<\/p><p>Portraitfoto: Dr. Bertram Sch\u00e4dle<br \/>Fotos \u201eNymphengruppe, Anlagensee\u201c, \u201eM\u00e4rchensee\u201c, &#8222;Murnau&#8220;, &#8222;Haus in Olafsvik&#8220; und Praxisbilder: Kathrin Ripper<\/p><p>Grafik-Design und Programmierung: thoid | Thomas Lutz | www.thoid.de<\/p><p>\u00a9 Prof. Dr. Kathrin Ripper\u00a0<\/p><\/div><\/div>\t\t\t\t\t\t\t\t<\/div>\n\t\t\t\t<\/div>\n\t\t\t\t<\/div>\n\t\t\t\t\t<\/div>\n\t\t\t\t<\/div>\n\t\t\t\t\t<\/div>\n\t\t\t\t<\/div>\n\t\t<div class=\"elementor-element elementor-element-244de15 e-flex e-con-boxed e-con e-parent\" data-id=\"244de15\" data-element_type=\"container\" data-e-type=\"container\">\n\t\t\t\t\t<div class=\"e-con-inner\">\n\t\t\t\t\t<\/div>\n\t\t\t\t<\/div>\n\t\t\t\t<\/div>\n\t\t","protected":false},"excerpt":{"rendered":"<p>Impressum Prof. Dr. Kathrin Ripper Psychologische PsychotherapeutinSystemische Therapeutin und Beraterin (SG) Lange Gasse 6272070 T\u00fcbingen Telefon +49 (0) 7071 \u2013 6393440\u00a0 mail@praxis-ripper.de Zust\u00e4ndige Kammer:Landespsychotherapeutenkammer Baden-W\u00fcrttemberg Haftungsausschluss:Der Inhalt dieser Seiten wurde sorgf\u00e4ltig bearbeitet und gepr\u00fcft. Bei Verweisen auf fremde Internetseiten (&#8222;Links&#8220;) wird keine Verantwortung \u00fcbernommen und Haftungsanspr\u00fcche gegen\u00fcber der Praxis f\u00fcr Psychotherapie und Coaching werden ausgeschlossen. [&hellip;]<\/p>\n","protected":false},"author":2,"featured_media":0,"parent":0,"menu_order":0,"comment_status":"closed","ping_status":"closed","template":"elementor_header_footer","meta":{"footnotes":""},"class_list":["post-1263","page","type-page","status-publish","hentry"],"_links":{"self":[{"href":"https:\/\/www.praxis-ripper.de\/index.php?rest_route=\/wp\/v2\/pages\/1263","targetHints":{"allow":["GET"]}}],"collection":[{"href":"https:\/\/www.praxis-ripper.de\/index.php?rest_route=\/wp\/v2\/pages"}],"about":[{"href":"https:\/\/www.praxis-ripper.de\/index.php?rest_route=\/wp\/v2\/types\/page"}],"author":[{"embeddable":true,"href":"https:\/\/www.praxis-ripper.de\/index.php?rest_route=\/wp\/v2\/users\/2"}],"replies":[{"embeddable":true,"href":"https:\/\/www.praxis-ripper.de\/index.php?rest_route=%2Fwp%2Fv2%2Fcomments&post=1263"}],"version-history":[{"count":13,"href":"https:\/\/www.praxis-ripper.de\/index.php?rest_route=\/wp\/v2\/pages\/1263\/revisions"}],"predecessor-version":[{"id":1422,"href":"https:\/\/www.praxis-ripper.de\/index.php?rest_route=\/wp\/v2\/pages\/1263\/revisions\/1422"}],"wp:attachment":[{"href":"https:\/\/www.praxis-ripper.de\/index.php?rest_route=%2Fwp%2Fv2%2Fmedia&parent=1263"}],"curies":[{"name":"wp","href":"https:\/\/api.w.org\/{rel}","templated":true}]}}