{"id":1211,"date":"2024-01-30T10:23:04","date_gmt":"2024-01-30T09:23:04","guid":{"rendered":"https:\/\/www.praxis-ripper.de\/?page_id=1211"},"modified":"2024-01-31T10:50:24","modified_gmt":"2024-01-31T09:50:24","slug":"links","status":"publish","type":"page","link":"https:\/\/www.praxis-ripper.de\/?page_id=1211","title":{"rendered":"Links"},"content":{"rendered":"\t\t<div data-elementor-type=\"wp-page\" data-elementor-id=\"1211\" class=\"elementor elementor-1211\" data-elementor-post-type=\"page\">\n\t\t\t\t<div class=\"elementor-element elementor-element-b9e7251 e-flex e-con-boxed e-con e-parent\" data-id=\"b9e7251\" data-element_type=\"container\" data-e-type=\"container\" data-settings=\"{&quot;background_background&quot;:&quot;classic&quot;}\">\n\t\t\t\t\t<div class=\"e-con-inner\">\n\t\t\t\t\t<\/div>\n\t\t\t\t<\/div>\n\t\t<div class=\"elementor-element elementor-element-d9cf49c e-flex e-con-boxed e-con e-parent\" data-id=\"d9cf49c\" data-element_type=\"container\" data-e-type=\"container\" data-settings=\"{&quot;background_background&quot;:&quot;classic&quot;}\">\n\t\t\t\t\t<div class=\"e-con-inner\">\n\t\t<div class=\"elementor-element elementor-element-9a0e8e2 e-flex e-con-boxed e-con e-child\" data-id=\"9a0e8e2\" data-element_type=\"container\" data-e-type=\"container\">\n\t\t\t\t\t<div class=\"e-con-inner\">\n\t\t<div class=\"elementor-element elementor-element-b48211b e-con-full e-flex e-con e-child\" data-id=\"b48211b\" data-element_type=\"container\" data-e-type=\"container\" data-settings=\"{&quot;background_background&quot;:&quot;classic&quot;}\">\n\t\t\t\t<div class=\"elementor-element elementor-element-80e4368 elementor-widget elementor-widget-heading\" data-id=\"80e4368\" data-element_type=\"widget\" data-e-type=\"widget\" data-widget_type=\"heading.default\">\n\t\t\t\t<div class=\"elementor-widget-container\">\n\t\t\t\t\t<h2 class=\"elementor-heading-title elementor-size-default\">Links<\/h2>\t\t\t\t<\/div>\n\t\t\t\t<\/div>\n\t\t\t\t<\/div>\n\t\t<div class=\"elementor-element elementor-element-734b62c e-con-full e-flex e-con e-child\" data-id=\"734b62c\" data-element_type=\"container\" data-e-type=\"container\" data-settings=\"{&quot;background_background&quot;:&quot;classic&quot;}\">\n\t\t\t\t<div class=\"elementor-element elementor-element-644913c elementor-widget elementor-widget-text-editor\" data-id=\"644913c\" data-element_type=\"widget\" data-e-type=\"widget\" data-widget_type=\"text-editor.default\">\n\t\t\t\t<div class=\"elementor-widget-container\">\n\t\t\t\t\t\t\t\t\t<p><a href=\"http:\/\/www.lpk-bw.de\/\" target=\"_blank\" rel=\"noopener\">Landespsychotheraputenkammer Baden-W\u00fcrttemberg<\/a><br \/><a href=\"http:\/\/www.dhbw-stuttgart.de\" target=\"_blank\" rel=\"noopener\">DHBW Duale Hochschule Baden-W\u00fcrttemberg Stuttgart<\/a><br \/><a href=\"http:\/\/www.nik.de\" target=\"_blank\" rel=\"noopener\">nik Norddeutsches Institut f\u00fcr Kurzzeittherapie<\/a><br \/><a href=\"http:\/\/systemische-gesellschaft.de\/\" target=\"_blank\" rel=\"noopener\">Systemische Gesellschaft<\/a><br \/><a href=\"http:\/\/www.tavt.de\" target=\"_blank\" rel=\"noopener\">TAVT T\u00fcbinger Akademie f\u00fcr Verhaltenstherapie<\/a><br \/><a href=\"http:\/\/www.deutschepsychotherapeutenvereinigung.de\/\" target=\"_blank\" rel=\"noopener\">Deutsche PsychotherapeutenVereinigung (DPtV)<\/a><\/p>\t\t\t\t\t\t\t\t<\/div>\n\t\t\t\t<\/div>\n\t\t\t\t<\/div>\n\t\t\t\t\t<\/div>\n\t\t\t\t<\/div>\n\t\t\t\t\t<\/div>\n\t\t\t\t<\/div>\n\t\t\t\t<\/div>\n\t\t","protected":false},"excerpt":{"rendered":"<p>Links Landespsychotheraputenkammer Baden-W\u00fcrttembergDHBW Duale Hochschule Baden-W\u00fcrttemberg Stuttgartnik Norddeutsches Institut f\u00fcr KurzzeittherapieSystemische GesellschaftTAVT T\u00fcbinger Akademie f\u00fcr VerhaltenstherapieDeutsche PsychotherapeutenVereinigung (DPtV)<\/p>\n","protected":false},"author":2,"featured_media":0,"parent":0,"menu_order":0,"comment_status":"closed","ping_status":"closed","template":"elementor_header_footer","meta":{"footnotes":""},"class_list":["post-1211","page","type-page","status-publish","hentry"],"_links":{"self":[{"href":"https:\/\/www.praxis-ripper.de\/index.php?rest_route=\/wp\/v2\/pages\/1211","targetHints":{"allow":["GET"]}}],"collection":[{"href":"https:\/\/www.praxis-ripper.de\/index.php?rest_route=\/wp\/v2\/pages"}],"about":[{"href":"https:\/\/www.praxis-ripper.de\/index.php?rest_route=\/wp\/v2\/types\/page"}],"author":[{"embeddable":true,"href":"https:\/\/www.praxis-ripper.de\/index.php?rest_route=\/wp\/v2\/users\/2"}],"replies":[{"embeddable":true,"href":"https:\/\/www.praxis-ripper.de\/index.php?rest_route=%2Fwp%2Fv2%2Fcomments&post=1211"}],"version-history":[{"count":10,"href":"https:\/\/www.praxis-ripper.de\/index.php?rest_route=\/wp\/v2\/pages\/1211\/revisions"}],"predecessor-version":[{"id":1298,"href":"https:\/\/www.praxis-ripper.de\/index.php?rest_route=\/wp\/v2\/pages\/1211\/revisions\/1298"}],"wp:attachment":[{"href":"https:\/\/www.praxis-ripper.de\/index.php?rest_route=%2Fwp%2Fv2%2Fmedia&parent=1211"}],"curies":[{"name":"wp","href":"https:\/\/api.w.org\/{rel}","templated":true}]}}