{"id":1182,"date":"2024-01-30T09:31:12","date_gmt":"2024-01-30T08:31:12","guid":{"rendered":"https:\/\/www.praxis-ripper.de\/?page_id=1182"},"modified":"2024-01-31T11:07:51","modified_gmt":"2024-01-31T10:07:51","slug":"profil","status":"publish","type":"page","link":"https:\/\/www.praxis-ripper.de\/?page_id=1182","title":{"rendered":"Profil"},"content":{"rendered":"\t\t<div data-elementor-type=\"wp-page\" data-elementor-id=\"1182\" class=\"elementor elementor-1182\" data-elementor-post-type=\"page\">\n\t\t\t\t<div class=\"elementor-element elementor-element-b9e7251 e-flex e-con-boxed e-con e-parent\" data-id=\"b9e7251\" data-element_type=\"container\" data-e-type=\"container\" data-settings=\"{&quot;background_background&quot;:&quot;classic&quot;}\">\n\t\t\t\t\t<div class=\"e-con-inner\">\n\t\t\t\t\t<\/div>\n\t\t\t\t<\/div>\n\t\t<div class=\"elementor-element elementor-element-d9cf49c e-flex e-con-boxed e-con e-parent\" data-id=\"d9cf49c\" data-element_type=\"container\" data-e-type=\"container\" data-settings=\"{&quot;background_background&quot;:&quot;classic&quot;}\">\n\t\t\t\t\t<div class=\"e-con-inner\">\n\t\t<div class=\"elementor-element elementor-element-9a0e8e2 e-flex e-con-boxed e-con e-child\" data-id=\"9a0e8e2\" data-element_type=\"container\" data-e-type=\"container\">\n\t\t\t\t\t<div class=\"e-con-inner\">\n\t\t<div class=\"elementor-element elementor-element-b48211b e-con-full e-flex e-con e-child\" data-id=\"b48211b\" data-element_type=\"container\" data-e-type=\"container\" data-settings=\"{&quot;background_background&quot;:&quot;classic&quot;}\">\n\t\t\t\t<div class=\"elementor-element elementor-element-80e4368 elementor-widget elementor-widget-heading\" data-id=\"80e4368\" data-element_type=\"widget\" data-e-type=\"widget\" data-widget_type=\"heading.default\">\n\t\t\t\t<div class=\"elementor-widget-container\">\n\t\t\t\t\t<h2 class=\"elementor-heading-title elementor-size-default\">Profil<\/h2>\t\t\t\t<\/div>\n\t\t\t\t<\/div>\n\t\t\t\t<\/div>\n\t\t<div class=\"elementor-element elementor-element-734b62c e-con-full e-flex e-con e-child\" data-id=\"734b62c\" data-element_type=\"container\" data-e-type=\"container\" data-settings=\"{&quot;background_background&quot;:&quot;classic&quot;}\">\n\t\t\t\t<div class=\"elementor-element elementor-element-644913c elementor-widget elementor-widget-text-editor\" data-id=\"644913c\" data-element_type=\"widget\" data-e-type=\"widget\" data-widget_type=\"text-editor.default\">\n\t\t\t\t<div class=\"elementor-widget-container\">\n\t\t\t\t\t\t\t\t\t<p><strong>Prof. Dr. Kathrin Ripper<\/strong><\/p><div class=\"text\"><p>W\u00e4hrend meines Studiums der Psychologie in T\u00fcbingen habe ich sowohl den Schwerpunkt Klinische Psychologie als auch den Schwerpunkt Arbeits- und Organisationspsychologie verfolgt. \u00c4hnlich breit ausgerichtet gestaltete sich mein bisheriges Berufsleben:\u00a0<\/p><p>Seit 2009 bin ich Professorin f\u00fcr Psychologie der Sozialen Arbeit an der Dualen Hochschule Baden- W\u00fcrttemberg.<\/p><p>Als wissenschaftliche Angestellte war ich am Psychologischen Institut der Universit\u00e4t T\u00fcbingen in Forschung und Lehre t\u00e4tig. Aufgrund meiner Ausbildung zur Hypnotherapeutin lag es f\u00fcr mich nahe, im Themenfeld von Hypnose, Schmerzbew\u00e4ltigung, Geburt und postpartaler Depression zu promovieren.<\/p><p>In meiner langj\u00e4hrigen T\u00e4tigkeit als Unternehmensberaterin konnte ich umfangreiche Erfahrung in der Personalentwicklung und Erwachsenenbildung sammeln.<\/p><p>Innerhalb einer Anstellung bei der Daimler AG war ich als Betriebspsychologin t\u00e4tig. Meine Hauptaufgaben lagen dabei in der Beratung von Mitarbeiterinnen und Mitarbeitern, F\u00fchrungskr\u00e4ften und Teams und in der Durchf\u00fchrung von Qualifizierungsma\u00dfnahmen.<\/p><p>Dar\u00fcberhinaus habe ich im Arbeitsfeld der Akutpsychiatrie als Klinische Psychologin auf unterschiedlich ausgerichteten Stationen (Depression, Schizophrenie, Angstst\u00f6rungen, Gerontopsychiatrische St\u00f6rungen) in der Klinik f\u00fcr Psychiatrie und Psychotherapie in N\u00fcrtingen gearbeitet. Im klinischen T\u00e4tigkeitsfeld lag ein Schwerpunkt meines Forschungsinteresses im Bereich der Evaluation von Patientenzufriedenheit.<\/p><p>Ich habe meine Ausbildung zur Systemischen Therapeutin und Beraterin (SG) am Norddeutschen Institut f\u00fcr Kurzzeittherapie (NIK) (Steve de Shazer) absolviert und bin approbierte Psychologische Psychotherapeutin in Verhaltenstherapie (T\u00fcbinger Akademie f\u00fcr Verhaltenstherapie, TAVT).<\/p><\/div>\t\t\t\t\t\t\t\t<\/div>\n\t\t\t\t<\/div>\n\t\t\t\t<\/div>\n\t\t\t\t\t<\/div>\n\t\t\t\t<\/div>\n\t\t\t\t\t<\/div>\n\t\t\t\t<\/div>\n\t\t\t\t<\/div>\n\t\t","protected":false},"excerpt":{"rendered":"<p>Profil Prof. Dr. Kathrin Ripper W\u00e4hrend meines Studiums der Psychologie in T\u00fcbingen habe ich sowohl den Schwerpunkt Klinische Psychologie als auch den Schwerpunkt Arbeits- und Organisationspsychologie verfolgt. \u00c4hnlich breit ausgerichtet gestaltete sich mein bisheriges Berufsleben:\u00a0 Seit 2009 bin ich Professorin f\u00fcr Psychologie der Sozialen Arbeit an der Dualen Hochschule Baden- W\u00fcrttemberg. Als wissenschaftliche Angestellte war [&hellip;]<\/p>\n","protected":false},"author":2,"featured_media":0,"parent":0,"menu_order":0,"comment_status":"closed","ping_status":"closed","template":"elementor_header_footer","meta":{"footnotes":""},"class_list":["post-1182","page","type-page","status-publish","hentry"],"_links":{"self":[{"href":"https:\/\/www.praxis-ripper.de\/index.php?rest_route=\/wp\/v2\/pages\/1182","targetHints":{"allow":["GET"]}}],"collection":[{"href":"https:\/\/www.praxis-ripper.de\/index.php?rest_route=\/wp\/v2\/pages"}],"about":[{"href":"https:\/\/www.praxis-ripper.de\/index.php?rest_route=\/wp\/v2\/types\/page"}],"author":[{"embeddable":true,"href":"https:\/\/www.praxis-ripper.de\/index.php?rest_route=\/wp\/v2\/users\/2"}],"replies":[{"embeddable":true,"href":"https:\/\/www.praxis-ripper.de\/index.php?rest_route=%2Fwp%2Fv2%2Fcomments&post=1182"}],"version-history":[{"count":7,"href":"https:\/\/www.praxis-ripper.de\/index.php?rest_route=\/wp\/v2\/pages\/1182\/revisions"}],"predecessor-version":[{"id":1301,"href":"https:\/\/www.praxis-ripper.de\/index.php?rest_route=\/wp\/v2\/pages\/1182\/revisions\/1301"}],"wp:attachment":[{"href":"https:\/\/www.praxis-ripper.de\/index.php?rest_route=%2Fwp%2Fv2%2Fmedia&parent=1182"}],"curies":[{"name":"wp","href":"https:\/\/api.w.org\/{rel}","templated":true}]}}