{"id":1164,"date":"2024-01-29T10:38:02","date_gmt":"2024-01-29T09:38:02","guid":{"rendered":"https:\/\/www.praxis-ripper.de\/?page_id=1164"},"modified":"2024-01-31T10:46:39","modified_gmt":"2024-01-31T09:46:39","slug":"paartherapie","status":"publish","type":"page","link":"https:\/\/www.praxis-ripper.de\/?page_id=1164","title":{"rendered":"Paartherapie"},"content":{"rendered":"\t\t<div data-elementor-type=\"wp-page\" data-elementor-id=\"1164\" class=\"elementor elementor-1164\" data-elementor-post-type=\"page\">\n\t\t\t\t<div class=\"elementor-element elementor-element-b9e7251 e-flex e-con-boxed e-con e-parent\" data-id=\"b9e7251\" data-element_type=\"container\" data-e-type=\"container\" data-settings=\"{&quot;background_background&quot;:&quot;classic&quot;}\">\n\t\t\t\t\t<div class=\"e-con-inner\">\n\t\t\t\t\t<\/div>\n\t\t\t\t<\/div>\n\t\t<div class=\"elementor-element elementor-element-d9cf49c e-flex e-con-boxed e-con e-parent\" data-id=\"d9cf49c\" data-element_type=\"container\" data-e-type=\"container\" data-settings=\"{&quot;background_background&quot;:&quot;classic&quot;}\">\n\t\t\t\t\t<div class=\"e-con-inner\">\n\t\t<div class=\"elementor-element elementor-element-9a0e8e2 e-flex e-con-boxed e-con e-child\" data-id=\"9a0e8e2\" data-element_type=\"container\" data-e-type=\"container\">\n\t\t\t\t\t<div class=\"e-con-inner\">\n\t\t<div class=\"elementor-element elementor-element-b48211b e-con-full e-flex e-con e-child\" data-id=\"b48211b\" data-element_type=\"container\" data-e-type=\"container\" data-settings=\"{&quot;background_background&quot;:&quot;classic&quot;}\">\n\t\t\t\t<div class=\"elementor-element elementor-element-80e4368 elementor-widget elementor-widget-heading\" data-id=\"80e4368\" data-element_type=\"widget\" data-e-type=\"widget\" data-widget_type=\"heading.default\">\n\t\t\t\t<div class=\"elementor-widget-container\">\n\t\t\t\t\t<h2 class=\"elementor-heading-title elementor-size-default\">Paartherapie<\/h2>\t\t\t\t<\/div>\n\t\t\t\t<\/div>\n\t\t\t\t<\/div>\n\t\t<div class=\"elementor-element elementor-element-734b62c e-con-full e-flex e-con e-child\" data-id=\"734b62c\" data-element_type=\"container\" data-e-type=\"container\" data-settings=\"{&quot;background_background&quot;:&quot;classic&quot;}\">\n\t\t\t\t<div class=\"elementor-element elementor-element-644913c elementor-widget elementor-widget-text-editor\" data-id=\"644913c\" data-element_type=\"widget\" data-e-type=\"widget\" data-widget_type=\"text-editor.default\">\n\t\t\t\t<div class=\"elementor-widget-container\">\n\t\t\t\t\t\t\t\t\t<p>Das Angebot der Paartherapie basiert sowohl auf verhaltenstherapeutischen Ans\u00e4tzen der Paartherapie, bei denen der Schwerpunkt in der Anleitung und Anwendung von verhaltensnahen \u00dcbungen wie z.B. Kommunikationstraining f\u00fcr Paare liegt, als auch auf dem systemischen Ansatz, bei dem u.a. wiederholende Interaktionsmuster, sogenannte \u201ezirkul\u00e4ren Prozesse\u201c, betrachtet werden, die h\u00e4ufig Ausl\u00f6ser f\u00fcr Konflikte sind.<\/p><p>Um der Vielfalt von Lebensentw\u00fcrfen und der Einzigartigkeit jeder Paarbeziehung gerecht zu werden, werden die paartherapeutischen Behandlungen kreativ und spezifisch auf die Anliegen jedes Paares abgestimmt. Gemeinsam erarbeitete L\u00f6sungen werden im Alltag erprobt und dann in der Therapie reflektiert und gegebenenfalls neu \u00fcberarbeitet. Besonderes Augenmerk liegt zu Beginn der Paartherapie in der Unterst\u00fctzung des Paares, eine Haltung der gegenseitigen Wertsch\u00e4tzung und Akzeptanz einzunehmen, die eine entscheidende Voraussetzung f\u00fcr den Erfolg der Paartherapie ist.<\/p><p><strong>Paarbeziehungen sind ein \u201egro\u00dfes Abenteuer\u201c, das viele Fragen aufwerfen kann:\u00a0<\/strong><br \/>\u00b7 Was geh\u00f6rt zu einer gl\u00fccklichen Partnerschaft?\u00a0<br \/>\u00b7\u00a0Wie k\u00f6nnen wir uns Gl\u00fcck und Liebe in der Paarbeziehung erhalten?\u00a0<br \/>\u00b7\u00a0Wie kann sich eine Paarbeziehung \u00fcber viele Jahre entwickeln?\u00a0<br \/>\u00b7\u00a0Wie gehen wir als Paar mit Krisen und Verletzungen um?\u00a0<br \/>\u00b7\u00a0\u200bWas k\u00f6nnen wir tun, um eine befriedigende Sexualtit\u00e4t zu haben?\u00a0<\/p><p><strong>Manchmal helfen ganz praktische Dinge wie:<\/strong><br \/>\u00b7\u00a0Festlegen von Kommunikationsregeln<br \/>\u00b7\u00a0Erlernen von Methoden der gegenseitigen Wertsch\u00e4tzung<br \/>\u00b7\u00a0Einf\u00fchren von gemeinsamen Paarstunden (\u201eDates\u201c) im Alltag, an denen man sich Gutes tut<br \/>\u00b7\u00a0Aufteilen von Alltagspflichten Ausbalancieren von \u201eIndiviuum sein\u201c und \u201ePaar sein\u201c<br \/>\u00b7\u00a0Entdecken neuer Facetten in der Paarbeziehung<\/p><p><strong>Ablauf<\/strong><br \/>Sie k\u00f6nnen sich telefonisch (07071 \u2013 6393440) oder per Email (<a class=\"pep-email\" href=\"mailto:mail@praxis-ripper.de\">mail@praxis-ripper.de<\/a>) zu einem Vorgespr\u00e4ch anmelden, in dem Ihre Anliegen besprochen und die Methoden und das Vorgehen der Paartherapie aufgezeigt werden. Da die Kosten f\u00fcr Paartherapie im allgemeinen nicht von den Krankenkassen \u00fcbernommen werden, sind die Kosten f\u00fcr die Paartherapie selbst zu tragen.<br \/>In der Regel finden die paartherapeutischen Sitzungen in Abst\u00e4nden von zwei bis vier Wochen statt.<\/p>\t\t\t\t\t\t\t\t<\/div>\n\t\t\t\t<\/div>\n\t\t\t\t<\/div>\n\t\t\t\t\t<\/div>\n\t\t\t\t<\/div>\n\t\t\t\t\t<\/div>\n\t\t\t\t<\/div>\n\t\t\t\t<\/div>\n\t\t","protected":false},"excerpt":{"rendered":"<p>Paartherapie Das Angebot der Paartherapie basiert sowohl auf verhaltenstherapeutischen Ans\u00e4tzen der Paartherapie, bei denen der Schwerpunkt in der Anleitung und Anwendung von verhaltensnahen \u00dcbungen wie z.B. Kommunikationstraining f\u00fcr Paare liegt, als auch auf dem systemischen Ansatz, bei dem u.a. wiederholende Interaktionsmuster, sogenannte \u201ezirkul\u00e4ren Prozesse\u201c, betrachtet werden, die h\u00e4ufig Ausl\u00f6ser f\u00fcr Konflikte sind. Um der Vielfalt [&hellip;]<\/p>\n","protected":false},"author":2,"featured_media":0,"parent":0,"menu_order":0,"comment_status":"closed","ping_status":"closed","template":"elementor_header_footer","meta":{"footnotes":""},"class_list":["post-1164","page","type-page","status-publish","hentry"],"_links":{"self":[{"href":"https:\/\/www.praxis-ripper.de\/index.php?rest_route=\/wp\/v2\/pages\/1164","targetHints":{"allow":["GET"]}}],"collection":[{"href":"https:\/\/www.praxis-ripper.de\/index.php?rest_route=\/wp\/v2\/pages"}],"about":[{"href":"https:\/\/www.praxis-ripper.de\/index.php?rest_route=\/wp\/v2\/types\/page"}],"author":[{"embeddable":true,"href":"https:\/\/www.praxis-ripper.de\/index.php?rest_route=\/wp\/v2\/users\/2"}],"replies":[{"embeddable":true,"href":"https:\/\/www.praxis-ripper.de\/index.php?rest_route=%2Fwp%2Fv2%2Fcomments&post=1164"}],"version-history":[{"count":16,"href":"https:\/\/www.praxis-ripper.de\/index.php?rest_route=\/wp\/v2\/pages\/1164\/revisions"}],"predecessor-version":[{"id":1289,"href":"https:\/\/www.praxis-ripper.de\/index.php?rest_route=\/wp\/v2\/pages\/1164\/revisions\/1289"}],"wp:attachment":[{"href":"https:\/\/www.praxis-ripper.de\/index.php?rest_route=%2Fwp%2Fv2%2Fmedia&parent=1164"}],"curies":[{"name":"wp","href":"https:\/\/api.w.org\/{rel}","templated":true}]}}