{"id":1154,"date":"2024-01-29T10:11:03","date_gmt":"2024-01-29T09:11:03","guid":{"rendered":"https:\/\/www.praxis-ripper.de\/?page_id=1154"},"modified":"2024-01-31T10:36:46","modified_gmt":"2024-01-31T09:36:46","slug":"einzeltherapie","status":"publish","type":"page","link":"https:\/\/www.praxis-ripper.de\/?page_id=1154","title":{"rendered":"Einzeltherapie"},"content":{"rendered":"\t\t<div data-elementor-type=\"wp-page\" data-elementor-id=\"1154\" class=\"elementor elementor-1154\" data-elementor-post-type=\"page\">\n\t\t\t\t<div class=\"elementor-element elementor-element-b9e7251 e-flex e-con-boxed e-con e-parent\" data-id=\"b9e7251\" data-element_type=\"container\" data-e-type=\"container\" data-settings=\"{&quot;background_background&quot;:&quot;classic&quot;}\">\n\t\t\t\t\t<div class=\"e-con-inner\">\n\t\t\t\t\t<\/div>\n\t\t\t\t<\/div>\n\t\t<div class=\"elementor-element elementor-element-d9cf49c e-flex e-con-boxed e-con e-parent\" data-id=\"d9cf49c\" data-element_type=\"container\" data-e-type=\"container\" data-settings=\"{&quot;background_background&quot;:&quot;classic&quot;}\">\n\t\t\t\t\t<div class=\"e-con-inner\">\n\t\t<div class=\"elementor-element elementor-element-9a0e8e2 e-flex e-con-boxed e-con e-child\" data-id=\"9a0e8e2\" data-element_type=\"container\" data-e-type=\"container\">\n\t\t\t\t\t<div class=\"e-con-inner\">\n\t\t<div class=\"elementor-element elementor-element-b48211b e-con-full e-flex e-con e-child\" data-id=\"b48211b\" data-element_type=\"container\" data-e-type=\"container\" data-settings=\"{&quot;background_background&quot;:&quot;classic&quot;}\">\n\t\t\t\t<div class=\"elementor-element elementor-element-80e4368 elementor-widget elementor-widget-heading\" data-id=\"80e4368\" data-element_type=\"widget\" data-e-type=\"widget\" data-widget_type=\"heading.default\">\n\t\t\t\t<div class=\"elementor-widget-container\">\n\t\t\t\t\t<h2 class=\"elementor-heading-title elementor-size-default\">Einzeltherapie<\/h2>\t\t\t\t<\/div>\n\t\t\t\t<\/div>\n\t\t\t\t<\/div>\n\t\t<div class=\"elementor-element elementor-element-734b62c e-con-full e-flex e-con e-child\" data-id=\"734b62c\" data-element_type=\"container\" data-e-type=\"container\" data-settings=\"{&quot;background_background&quot;:&quot;classic&quot;}\">\n\t\t\t\t<div class=\"elementor-element elementor-element-644913c elementor-widget elementor-widget-text-editor\" data-id=\"644913c\" data-element_type=\"widget\" data-e-type=\"widget\" data-widget_type=\"text-editor.default\">\n\t\t\t\t<div class=\"elementor-widget-container\">\n\t\t\t\t\t\t\t\t\t<div class=\"content col span-12\"><div class=\"text\"><div class=\"content col span-12\"><header class=\"page-header\"><\/header><div class=\"text\"><p>Die psychotherapeutische Behandlung in der Einzeltherapie, die auf den beiden Psychotherapieverfahren Verhaltenstherapie und Systemische Therapie und Beratung basiert, wird in angenehmer, offener Atmosph\u00e4re angeboten. <br \/>Thematische Schwerpunkte der einzeltherapeutischen Angebote liegen in der Behandlung von Depression, Angstst\u00f6rungen, somatoformen St\u00f6rungen, Pers\u00f6nlichkeitsst\u00f6rungen, \u00dcberforderung und Ersch\u00f6pfungszust\u00e4nden.<\/p><p><strong>Wann ist eine Psychotherapie hilfreich?<\/strong><br \/>\u00b7 Sie f\u00fchlen sich h\u00e4ufig niedergeschlagen und k\u00f6nnen sich nicht mehr so richtig freuen.<br \/>\u00b7 Sie f\u00fchlen sich energielos.<br \/>\u00b7 Sie machen sich viele Sorgen.<br \/>\u00b7 Sie haben \u00c4ngste und vermeiden bestimmte Situationen.<br \/>\u00b7 Sie befinden sich in einer Krise (z.B. Verlust eines Angeh\u00f6rigen, Trennung von der Partnerin \/ vom Partner).<br \/>\u00b7 Sie f\u00fchlen sich psychisch belastet.<br \/>\u00b7 Die psychische Belastung wirkt sich auf Ihre Gesundheit aus (z.B. Schlafst\u00f6rungen, Appetitlosigkeit).<br \/>\u00b7 Bestimmte Situationen bereiten Ihnen wiederholt Schwierigkeiten.<\/p><p><strong>H\u00e4ufig sind es kleine Ver\u00e4nderungen, die zu gro\u00dfen Verbesserungen f\u00fchren k\u00f6nnen:<\/strong><br \/>\u00b7 Entdecken von neuen M\u00f6glichkeiten der Problembew\u00e4ltigung<br \/>\u00b7 Erlernen und Ausprobieren neuer Verhaltensweisen<br \/>\u00b7 Entwicklung und Umsetzung pers\u00f6nlicher Ziele<br \/>\u00b7 Beseitigung pers\u00f6nlicher Barrieren<br \/>\u00b7 Aktivieren von verborgenen Ressourcen und Entwicklung neuer Ressourcen<br \/>\u00b7 Erweiterung gewohnter Denkmuster<br \/>\u00b7 Aufbau pers\u00f6nlicher und sozialer Kompetenzen<br \/>\u00b7 Erlernen unterschiedlicher Entspannungsverfahren<\/p><div id=\"main-container\" class=\"extended-container\"><section class=\"content-wrapper box-col span-12\"><div class=\"content col span-12\"><div class=\"text\"><p><strong>Ablauf\u00a0<\/strong><br \/>Sie k\u00f6nnen sich telefonisch (07071 \u2013 63 93 440) oder per Email (<a class=\"pep-email\" href=\"mailto:mail@praxis-ripper.de\">mail@praxis-ripper.de<\/a>)\u00a0zu einem Vorgespr\u00e4ch anmelden.\u00a0Im Vorgespr\u00e4ch wird gekl\u00e4rt, ob eine psychotherapeutische Behandlung f\u00fcr die L\u00f6sung Ihres Anliegens geeignet ist.\u00a0<br \/>Ist dies der Fall finden zwei bis vier \u201eProbesitzungen\u201c statt, sogenannte probatorische Sitzungen. In diesen Sitzungen werden das Problem bzw. das Anliegen genau analysiert, die Diagnose und der Behandlungsplan erstellt sowie die Kosten\u00fcbernahme gekl\u00e4rt. Die probatorischen Sitzungen dienen Ihnen zudem zur eigenen \u00dcberpr\u00fcfung, ob die Therapie f\u00fcr Sie das Passende ist.<br \/>In der Regel finden die psychotherapeutischen Sitzungen einmal pro Woche \u00e0 50 Minuten statt.\u00a0<\/p><\/div><\/div><\/section><\/div><div class=\"extended-container\">\u00a0<\/div><\/div><\/div><\/div><\/div>\t\t\t\t\t\t\t\t<\/div>\n\t\t\t\t<\/div>\n\t\t\t\t<\/div>\n\t\t\t\t\t<\/div>\n\t\t\t\t<\/div>\n\t\t\t\t\t<\/div>\n\t\t\t\t<\/div>\n\t\t\t\t<\/div>\n\t\t","protected":false},"excerpt":{"rendered":"<p>Einzeltherapie Die psychotherapeutische Behandlung in der Einzeltherapie, die auf den beiden Psychotherapieverfahren Verhaltenstherapie und Systemische Therapie und Beratung basiert, wird in angenehmer, offener Atmosph\u00e4re angeboten. Thematische Schwerpunkte der einzeltherapeutischen Angebote liegen in der Behandlung von Depression, Angstst\u00f6rungen, somatoformen St\u00f6rungen, Pers\u00f6nlichkeitsst\u00f6rungen, \u00dcberforderung und Ersch\u00f6pfungszust\u00e4nden. Wann ist eine Psychotherapie hilfreich?\u00b7 Sie f\u00fchlen sich h\u00e4ufig niedergeschlagen und k\u00f6nnen [&hellip;]<\/p>\n","protected":false},"author":2,"featured_media":0,"parent":0,"menu_order":0,"comment_status":"closed","ping_status":"closed","template":"elementor_header_footer","meta":{"footnotes":""},"class_list":["post-1154","page","type-page","status-publish","hentry"],"_links":{"self":[{"href":"https:\/\/www.praxis-ripper.de\/index.php?rest_route=\/wp\/v2\/pages\/1154","targetHints":{"allow":["GET"]}}],"collection":[{"href":"https:\/\/www.praxis-ripper.de\/index.php?rest_route=\/wp\/v2\/pages"}],"about":[{"href":"https:\/\/www.praxis-ripper.de\/index.php?rest_route=\/wp\/v2\/types\/page"}],"author":[{"embeddable":true,"href":"https:\/\/www.praxis-ripper.de\/index.php?rest_route=\/wp\/v2\/users\/2"}],"replies":[{"embeddable":true,"href":"https:\/\/www.praxis-ripper.de\/index.php?rest_route=%2Fwp%2Fv2%2Fcomments&post=1154"}],"version-history":[{"count":13,"href":"https:\/\/www.praxis-ripper.de\/index.php?rest_route=\/wp\/v2\/pages\/1154\/revisions"}],"predecessor-version":[{"id":1283,"href":"https:\/\/www.praxis-ripper.de\/index.php?rest_route=\/wp\/v2\/pages\/1154\/revisions\/1283"}],"wp:attachment":[{"href":"https:\/\/www.praxis-ripper.de\/index.php?rest_route=%2Fwp%2Fv2%2Fmedia&parent=1154"}],"curies":[{"name":"wp","href":"https:\/\/api.w.org\/{rel}","templated":true}]}}